{"id":861,"date":"2019-01-25T11:46:14","date_gmt":"2019-01-25T11:46:14","guid":{"rendered":"http:\/\/www.nicdarkthemes.com\/themes\/restaurant\/wp\/demo\/restaurant\/?page_id=861"},"modified":"2023-11-27T11:27:40","modified_gmt":"2023-11-27T11:27:40","slug":"book-a-table","status":"publish","type":"page","link":"https:\/\/www.arca-restaurant.com.tr\/en\/book-a-table\/","title":{"rendered":"Rezervasyon"},"content":{"rendered":"<div class=\"wpb-content-wrapper\"><div class=\"vc_row wpb_row vc_row-fluid vc_custom_1548416771682\"><div class=\"wpb_column vc_column_container vc_col-sm-12\"><div class=\"vc_column-inner\"><div class=\"wpb_wrapper\">\n\t<div class=\"wpb_text_column wpb_content_element\" >\n\t\t<div class=\"wpb_wrapper\">\n\t\t\t\n\n            <div id=\"nd_rst_component_container\" class=\"nd_rst_section nd_rst_padding_30 nd_rst_box_sizing_border_box nd_rst_border_1_solid_grey\">\n\n               \n                <input id=\"nd_rst_action_return\" type=\"hidden\" name=\"nd_rst_action_return\" value=\"https:\/\/www.arca-restaurant.com.tr\/en\/restaurants\/hill-restaurant\/\">\n\n\n                <!--START step index-->\n                <div id=\"nd_rst_steps_container\" class=\"nd_rst_section nd_rst_text_align_center\">\n                    <div class=\"nd_rst_float_left nd_rst_width_20_percentage\"><div class=\"nd_rst_section nd_rst_height_1\"><\/div><\/div>\n                    <div class=\"nd_rst_float_left nd_rst_width_20_percentage nd_rst_single_step nd_rst_step_first nd_rst_step_active\">\n                        <h5 class=\"nd_options_color_grey\"><span>1<\/span>BROWSE<\/h5>\n                    <\/div>\n                    <div class=\"nd_rst_float_left nd_rst_width_20_percentage nd_rst_single_step nd_rst_step_booking\">\n                        <h5 class=\"nd_options_color_grey\"><span>2<\/span>DETAILS<\/h5>\n                    <\/div>\n                    <div class=\"nd_rst_float_left nd_rst_width_20_percentage nd_rst_single_step nd_rst_step_checkout\">\n                        <h5 class=\"nd_options_color_grey\"><span>3<\/span>CONFIRM<\/h5>\n                    <\/div>\n                    <div class=\"nd_rst_float_left nd_rst_width_20_percentage\"><div class=\"nd_rst_section nd_rst_height_1\"><\/div><\/div>\n                <\/div>\n                <!--END step index-->\n\n\n                <div class=\"nd_rst_section nd_rst_booking_container_all\">\n                <div class=\"nd_rst_section nd_rst_booking_container_1\">\n                \n\n                    <div id=\"nd_rst_rest_guests_legend_section\" class=\"nd_rst_section\">\n\n                        <!--START RESTAURANT-->\n                        <div id=\"nd_rst_section_restaurant\" class=\"nd_rst_section\">\n                            <label class=\"\" for=\"nd_rst_restaurant\">Restaurant<\/label>\n                            \n                            <div class=\"nd_rst_section nd_rst_position_relative\">\n                                \n            <div class=\"nd_rst_rest_single  nd_rst_rest_single_1311\">\n\n                \n                <div class=\"nd_rst_section nd_rst_position_relative nd_rst_restaurant_image\">\n                    <img decoding=\"async\" class=\"nd_rst_section\" src=\"https:\/\/www.arca-restaurant.com.tr\/wp-content\/uploads\/2019\/02\/restaurant-01.jpg\">\n\n                    <div class=\"nd_rst_restaurant_image_filter nd_rst_position_absolute nd_rst_left_0 nd_rst_height_100_percentage nd_rst_width_100_percentage nd_rst_box_sizing_border_box\">\n\n                        <div class=\"nd_rst_position_absolute nd_rst_bottom_20 nd_rst_restaurant_image_content\">\n                            <h3>Ar\u00e7a Restaurant &#038; Grill<\/h3>    \n                        <\/div>\n\n                    <\/div>\n\n                <\/div>\n                \n\n            <\/div>\n                                <ul class=\"nd_rst_ul_restaurant nd_rst_display_none\"><li data-restaurant=\"1311\" class=\"nd_rst_ulli_restaurant  nd_rst_bg_color_blue\">Ar\u00e7a Restaurant &#038; Grill<\/li><\/ul>\n                            <\/div>\n                            \n                            <input readonly class=\"nd_rst_display_none_important\" type=\"number\" name=\"nd_rst_restaurant\" id=\"nd_rst_restaurant\" value=\"1311\">\n\n                        <\/div>\n                        <!--END RESTAURANT-->\n\n\n\n                        <div id=\"nd_rst_guests_legend_section\" class=\"nd_rst_section\">\n                            \n                            <!--START GUESTS-->\n                            <div id=\"nd_rst_guests_section\" class=\"nd_rst_section\">\n                                \n                                <h3 class=\"\">Guests<\/h3>\n\n                                <div class=\"nd_rst_section\">\n\n                                    <div class=\"nd_rst_guest_number  nd_rst_section\">\n                                        <h1 class=\"nd_rst_guests_number nd_rst_margin_0 nd_rst_padding_0\">1<\/h1> \n\n\n                                        <div class=\"nd_rst_guest_number_add  nd_rst_width_50_percentage\">\n                                            <button class=\"nd_rst_guests_increase\" type=\"button\">Add<\/button>\n                                        <\/div>\n\n                                        <div class=\"nd_rst_guest_number_remove  nd_rst_width_50_percentage\">\n                                            <button class=\"nd_rst_guests_decrease\" type=\"button\">Remove<\/button>\n                                        <\/div>\n\n\n                                    <\/div>\n\n                                    \n\n                                <\/div>\n\n                                <input readonly class=\"nd_rst_display_none_important\" type=\"number\" name=\"nd_rst_guests\" id=\"nd_rst_guests\" min=\"1\" value=\"1\">\n\n                            <\/div>\n                            <!--END GUESTS-->            \n\n                            <!--START LEGEND-->\n                            <div id=\"nd_rst_legend_section\" class=\"nd_rst_section\">\n                                <p class=\"nd_rst_legend_current\"><span><\/span>Current Day<\/p>\n                                <p class=\"nd_rst_legend_selected\"><span><\/span>Selected Day<\/p>\n                                <p class=\"nd_rst_legend_not_available\"><span><\/span>Not Available<\/p>\n                            <\/div>\n                            <!--END LEGEND-->\n\n\n                        <\/div>\n\n                    <\/div>\n\n\n\n                    <div id=\"nd_rst_cal_occa_section\" class=\"nd_rst_section\">\n\n                        <h1 id=\"nd_rst_calendar_word_bg\">Occasion<\/h1>\n                            <!--START CALENDAR-->\n                            <div id=\"nd_rst_calendar_section\" class=\"\">\n                                \n\n<div id=\"nd_rst_calendar_container\" class=\"nd_rst_section nd_rst_text_align_center\">\n\n    <div id=\"nd_rst_calendar_content\" class=\"nd_rst_section\">\n\n        <div class=\"nd_rst_display_table nd_rst_section\">\n\n            <div class=\"nd_rst_display_table_cell nd_rst_vertical_align_middle nd_rst_width_25_percentage\">\n                \n    <div class=\"nd_rst_section nd_rst_height_1\"><\/div>       \n            <\/div>\n\n            <div class=\"nd_rst_display_table_cell nd_rst_vertical_align_middle nd_rst_width_50_percentage\">\n                <h3 class=\"nd_rst_margin_0 nd_rst_padding_0\">April 2026<\/h3>\n            <\/div>\n\n            <div class=\"nd_rst_display_table_cell nd_rst_vertical_align_middle nd_rst_width_25_percentage\">\n                    \n                <input type=\"hidden\" name=\"nd_rst_next_month\" id=\"nd_rst_next_month\" value=\"05\">\n                <input type=\"hidden\" name=\"nd_rst_next_year\" id=\"nd_rst_next_year\" value=\"2026\">\n                <button onclick=\"nd_rst_calendar(2)\" class=\"nd_rst_prev_next_cal nd_rst_float_right\" type=\"button\">Next<\/button>\n\n            <\/div>\n\n        <\/div>\n        \n\n        <div class=\"nd_rst_section nd_rst_height_20\"><\/div> \n\n        <div class=\"nd_rst_section nd_rst_calendar_week\">\n            <div class=\"nd_rst_float_left nd_rst_width_14_percentage\"><p><strong>M<\/strong><\/p><\/div>\n            <div class=\"nd_rst_float_left nd_rst_width_14_percentage\"><p><strong>T<\/strong><\/p><\/div>\n            <div class=\"nd_rst_float_left nd_rst_width_14_percentage\"><p><strong>W<\/strong><\/p><\/div>\n            <div class=\"nd_rst_float_left nd_rst_width_14_percentage\"><p><strong>T<\/strong><\/p><\/div>\n            <div class=\"nd_rst_float_left nd_rst_width_14_percentage\"><p><strong>F<\/strong><\/p><\/div>\n            <div class=\"nd_rst_float_left nd_rst_width_14_percentage\"><p><strong>S<\/strong><\/p><\/div>\n            <div class=\"nd_rst_float_left nd_rst_width_14_percentage\"><p><strong>S<\/strong><\/p><\/div>\n        <\/div>\n\n        <div class=\"nd_rst_section\"><div class=\"nd_rst_float_left nd_rst_width_14_percentage nd_rst_height_1\"><\/div><div class=\"nd_rst_float_left nd_rst_width_14_percentage nd_rst_height_1\"><\/div><div class=\"nd_rst_float_left nd_rst_width_14_percentage\"><p data-date=\"2026-04-01\" class=\"\">1<\/p><\/div><div class=\"nd_rst_float_left nd_rst_width_14_percentage\"><p data-date=\"2026-04-02\" class=\"\">2<\/p><\/div><div class=\"nd_rst_float_left nd_rst_width_14_percentage\"><p data-date=\"2026-04-03\" class=\"\">3<\/p><\/div><div class=\"nd_rst_float_left nd_rst_width_14_percentage\"><p data-date=\"2026-04-04\" class=\"\">4<\/p><\/div><div class=\"nd_rst_float_left nd_rst_width_14_percentage\"><p data-date=\"2026-04-05\" class=\"nd_rst_cal_today nd_rst_cursor_pointer nd_rst_calendar_date  nd_rst_cal_active\">5<\/p><\/div><div class=\"nd_rst_float_left nd_rst_width_14_percentage\"><p data-date=\"2026-04-06\" class=\"nd_rst_cursor_pointer nd_rst_calendar_date\">6<\/p><\/div><div class=\"nd_rst_float_left nd_rst_width_14_percentage\"><p data-date=\"2026-04-07\" class=\"nd_rst_cursor_pointer nd_rst_calendar_date\">7<\/p><\/div><div class=\"nd_rst_float_left nd_rst_width_14_percentage\"><p data-date=\"2026-04-08\" class=\"nd_rst_cursor_pointer nd_rst_calendar_date\">8<\/p><\/div><div class=\"nd_rst_float_left nd_rst_width_14_percentage\"><p data-date=\"2026-04-09\" class=\"nd_rst_cursor_pointer nd_rst_calendar_date\">9<\/p><\/div><div class=\"nd_rst_float_left nd_rst_width_14_percentage\"><p data-date=\"2026-04-10\" class=\"nd_rst_cursor_pointer nd_rst_calendar_date\">10<\/p><\/div><div class=\"nd_rst_float_left nd_rst_width_14_percentage\"><p data-date=\"2026-04-11\" class=\"nd_rst_cursor_pointer nd_rst_calendar_date\">11<\/p><\/div><div class=\"nd_rst_float_left nd_rst_width_14_percentage\"><p data-date=\"2026-04-12\" class=\"nd_rst_cursor_pointer nd_rst_calendar_date\">12<\/p><\/div><div class=\"nd_rst_float_left nd_rst_width_14_percentage\"><p data-date=\"2026-04-13\" class=\"nd_rst_cursor_pointer nd_rst_calendar_date\">13<\/p><\/div><div class=\"nd_rst_float_left nd_rst_width_14_percentage\"><p data-date=\"2026-04-14\" class=\"nd_rst_cursor_pointer nd_rst_calendar_date\">14<\/p><\/div><div class=\"nd_rst_float_left nd_rst_width_14_percentage\"><p data-date=\"2026-04-15\" class=\"nd_rst_cursor_pointer nd_rst_calendar_date\">15<\/p><\/div><div class=\"nd_rst_float_left nd_rst_width_14_percentage\"><p data-date=\"2026-04-16\" class=\"nd_rst_cursor_pointer nd_rst_calendar_date\">16<\/p><\/div><div class=\"nd_rst_float_left nd_rst_width_14_percentage\"><p data-date=\"2026-04-17\" class=\"nd_rst_cursor_pointer nd_rst_calendar_date\">17<\/p><\/div><div class=\"nd_rst_float_left nd_rst_width_14_percentage\"><p data-date=\"2026-04-18\" class=\"nd_rst_cursor_pointer nd_rst_calendar_date\">18<\/p><\/div><div class=\"nd_rst_float_left nd_rst_width_14_percentage\"><p data-date=\"2026-04-19\" class=\"nd_rst_cursor_pointer nd_rst_calendar_date\">19<\/p><\/div><div class=\"nd_rst_float_left nd_rst_width_14_percentage\"><p data-date=\"2026-04-20\" class=\"nd_rst_cursor_pointer nd_rst_calendar_date\">20<\/p><\/div><div class=\"nd_rst_float_left nd_rst_width_14_percentage\"><p data-date=\"2026-04-21\" class=\"nd_rst_cursor_pointer nd_rst_calendar_date\">21<\/p><\/div><div class=\"nd_rst_float_left nd_rst_width_14_percentage\"><p data-date=\"2026-04-22\" class=\"nd_rst_cursor_pointer nd_rst_calendar_date\">22<\/p><\/div><div class=\"nd_rst_float_left nd_rst_width_14_percentage\"><p data-date=\"2026-04-23\" class=\"nd_rst_cursor_pointer nd_rst_calendar_date\">23<\/p><\/div><div class=\"nd_rst_float_left nd_rst_width_14_percentage\"><p data-date=\"2026-04-24\" class=\"nd_rst_cursor_pointer nd_rst_calendar_date\">24<\/p><\/div><div class=\"nd_rst_float_left nd_rst_width_14_percentage\"><p data-date=\"2026-04-25\" class=\"nd_rst_cursor_pointer nd_rst_calendar_date\">25<\/p><\/div><div class=\"nd_rst_float_left nd_rst_width_14_percentage\"><p data-date=\"2026-04-26\" class=\"nd_rst_cursor_pointer nd_rst_calendar_date\">26<\/p><\/div><div class=\"nd_rst_float_left nd_rst_width_14_percentage\"><p data-date=\"2026-04-27\" class=\"nd_rst_cursor_pointer nd_rst_calendar_date\">27<\/p><\/div><div class=\"nd_rst_float_left nd_rst_width_14_percentage\"><p data-date=\"2026-04-28\" class=\"nd_rst_cursor_pointer nd_rst_calendar_date\">28<\/p><\/div><div class=\"nd_rst_float_left nd_rst_width_14_percentage\"><p data-date=\"2026-04-29\" class=\"nd_rst_cursor_pointer nd_rst_calendar_date\">29<\/p><\/div><div class=\"nd_rst_float_left nd_rst_width_14_percentage\"><p data-date=\"2026-04-30\" class=\"nd_rst_cursor_pointer nd_rst_calendar_date\">30<\/p><\/div>\n        <\/div><\/div><\/div>\n                                <input readonly class=\"nd_rst_display_none_important\" type=\"text\" name=\"nd_rst_date\" id=\"nd_rst_date\" value=\"2026-04-05\">\n                            <\/div>\n                            <!--END CALENDAR-->\n                        <!--START OCCASION-->\n                        <div id=\"nd_rst_occasion_section\" class=\"nd_rst_section\">\n                            <div id=\"nd_rst_occasion_cont\" class=\"nd_rst_section\">\n                                <h3 class=\"\">Occasion :<\/h3>\n\n                                <div id=\"nd_rst_occasion_cont_change\" class=\"nd_rst_section nd_rst_position_relative\"><div class=\"nd_rst_occas_single  nd_rst_occas_single_0\">Se\u00e7im yok<\/div><div class=\"nd_rst_occas_single  nd_rst_display_none  nd_rst_occas_single_1\">Y\u0131ld\u00f6n\u00fcm\u00fc<\/div><div class=\"nd_rst_occas_single  nd_rst_display_none  nd_rst_occas_single_2\">kutlama<\/div><div class=\"nd_rst_occas_single  nd_rst_display_none  nd_rst_occas_single_3\">i\u015f<\/div><ul class=\"nd_rst_ul_occasion nd_rst_display_none\"><li data-occasion=\"0\" class=\"nd_rst_ulli_occasion  nd_rst_bg_color_blue\">Se\u00e7im yok<\/li><li data-occasion=\"1\" class=\"nd_rst_ulli_occasion\">Y\u0131ld\u00f6n\u00fcm\u00fc<\/li><li data-occasion=\"2\" class=\"nd_rst_ulli_occasion\">kutlama<\/li><li data-occasion=\"3\" class=\"nd_rst_ulli_occasion\">i\u015f<\/li><\/ul>\n                                <\/div>\n                            \n                            <\/div>\n\n                            <input readonly class=\"nd_rst_display_none_important\" type=\"text\" name=\"nd_rst_occasion\" id=\"nd_rst_occasion\" value=\"0\">\n\n                        <\/div>\n                        <!--END OCCASION-->\n\n                    <\/div>\n                    <div id=\"nd_rst_time_section\" class=\"nd_rst_section\">\n                        <h3 class=\"\">Time :<\/h3>\n                    \n                        <ul id=\"nd_rst_all_time_slots_container\" class=\"nd_rst_margin_0 nd_rst_padding_0 nd_rst_list_style_none\">\n                            \n    <div class=\"nd_rst_section nd_rst_all_time_slots_single\"><li class=\"nd_rst_display_inline_block\"><p class=\"nd_rst_margin_0 nd_rst_padding_0 nd_rst_bg_color_ccc nd_rst_margin_right_10 nd_rst_time nd_rst_bg_color_blue\" data-time=\"17:00\">5:00 pm<\/p><\/li><li class=\"nd_rst_display_inline_block\"><p class=\"nd_rst_margin_0 nd_rst_padding_0 nd_rst_bg_color_ccc nd_rst_margin_right_10 nd_rst_time\" data-time=\"17:30\">5:30 pm<\/p><\/li><li class=\"nd_rst_display_inline_block\"><p class=\"nd_rst_margin_0 nd_rst_padding_0 nd_rst_bg_color_ccc nd_rst_margin_right_10 nd_rst_time\" data-time=\"18:00\">6:00 pm<\/p><\/li><li class=\"nd_rst_display_inline_block\"><p class=\"nd_rst_margin_0 nd_rst_padding_0 nd_rst_bg_color_ccc nd_rst_margin_right_10 nd_rst_time\" data-time=\"18:30\">6:30 pm<\/p><\/li><li class=\"nd_rst_display_inline_block\"><p class=\"nd_rst_margin_0 nd_rst_padding_0 nd_rst_bg_color_ccc nd_rst_margin_right_10 nd_rst_time\" data-time=\"19:00\">7:00 pm<\/p><\/li><li class=\"nd_rst_display_inline_block\"><p class=\"nd_rst_margin_0 nd_rst_padding_0 nd_rst_bg_color_ccc nd_rst_margin_right_10 nd_rst_time\" data-time=\"19:30\">7:30 pm<\/p><\/li><li class=\"nd_rst_display_inline_block\"><p class=\"nd_rst_margin_0 nd_rst_padding_0 nd_rst_bg_color_ccc nd_rst_margin_right_10 nd_rst_time\" data-time=\"20:00\">8:00 pm<\/p><\/li><li class=\"nd_rst_display_inline_block\"><p class=\"nd_rst_margin_0 nd_rst_padding_0 nd_rst_bg_color_ccc nd_rst_margin_right_10 nd_rst_time\" data-time=\"20:30\">8:30 pm<\/p><\/li><li class=\"nd_rst_display_inline_block\"><p class=\"nd_rst_margin_0 nd_rst_padding_0 nd_rst_bg_color_ccc nd_rst_margin_right_10 nd_rst_time\" data-time=\"21:00\">9:00 pm<\/p><\/li><li class=\"nd_rst_display_inline_block\"><p class=\"nd_rst_margin_0 nd_rst_padding_0 nd_rst_bg_color_ccc nd_rst_margin_right_10 nd_rst_time\" data-time=\"21:30\">9:30 pm<\/p><\/li><li class=\"nd_rst_display_inline_block\"><p class=\"nd_rst_margin_0 nd_rst_padding_0 nd_rst_bg_color_ccc nd_rst_margin_right_10 nd_rst_time\" data-time=\"22:00\">10:00 pm<\/p><\/li><li class=\"nd_rst_display_inline_block\"><p class=\"nd_rst_margin_0 nd_rst_padding_0 nd_rst_bg_color_ccc nd_rst_margin_right_10 nd_rst_time\" data-time=\"22:30\">10:30 pm<\/p><\/li><li class=\"nd_rst_display_inline_block\"><p class=\"nd_rst_margin_0 nd_rst_padding_0 nd_rst_bg_color_ccc nd_rst_margin_right_10 nd_rst_time\" data-time=\"23:00\">11:00 pm<\/p><\/li><li class=\"nd_rst_display_inline_block\"><p class=\"nd_rst_margin_0 nd_rst_padding_0 nd_rst_bg_color_ccc nd_rst_margin_right_10 nd_rst_time\" data-time=\"23:30\">11:30 pm<\/p><\/li>\n       <div class=\"nd_rst_section nd_rst_height_20\"><\/div>\n        <input readonly class=\"nd_rst_display_none_important\" type=\"text\" name=\"nd_rst_time\" id=\"nd_rst_time\" value=\"17:00\">\n        <\/div>\n                        <\/ul>\n                    <\/div>\n                    <!--END TIME-->\n\n\n\n                    <div id=\"nd_rst_btn_go_to_booking_container\" class=\"nd_rst_section\">\n                        <button class=\"nd_options_first_font\" id=\"nd_rst_btn_go_to_booking\" onclick=\"nd_rst_go_to_booking()\">BOOK A TABLE<\/button>\n                    <\/div>\n\n\n                <\/div>\n\n            <\/div>\n            <\/div>\n\n        \n\n\t\t<\/div>\n\t<\/div>\n<\/div><\/div><\/div><\/div><div class=\"vc_row wpb_row vc_row-fluid\"><div class=\"wpb_column vc_column_container vc_col-sm-12\"><div class=\"vc_column-inner\"><div class=\"wpb_wrapper\"><div class=\"vc_separator wpb_content_element vc_separator_align_center vc_sep_width_100 vc_sep_border_width_5 vc_sep_pos_align_center vc_separator_no_text vc_sep_color_mulled_wine\" ><span class=\"vc_sep_holder vc_sep_holder_l\"><span class=\"vc_sep_line\"><\/span><\/span><span class=\"vc_sep_holder vc_sep_holder_r\"><span class=\"vc_sep_line\"><\/span><\/span>\n<\/div><\/div><\/div><\/div><\/div>\n<\/div>","protected":false},"excerpt":{"rendered":"","protected":false},"author":1,"featured_media":0,"parent":0,"menu_order":0,"comment_status":"closed","ping_status":"closed","template":"","meta":{"footnotes":""},"class_list":["post-861","page","type-page","status-publish","hentry"],"_links":{"self":[{"href":"https:\/\/www.arca-restaurant.com.tr\/en\/wp-json\/wp\/v2\/pages\/861","targetHints":{"allow":["GET"]}}],"collection":[{"href":"https:\/\/www.arca-restaurant.com.tr\/en\/wp-json\/wp\/v2\/pages"}],"about":[{"href":"https:\/\/www.arca-restaurant.com.tr\/en\/wp-json\/wp\/v2\/types\/page"}],"author":[{"embeddable":true,"href":"https:\/\/www.arca-restaurant.com.tr\/en\/wp-json\/wp\/v2\/users\/1"}],"replies":[{"embeddable":true,"href":"https:\/\/www.arca-restaurant.com.tr\/en\/wp-json\/wp\/v2\/comments?post=861"}],"version-history":[{"count":9,"href":"https:\/\/www.arca-restaurant.com.tr\/en\/wp-json\/wp\/v2\/pages\/861\/revisions"}],"predecessor-version":[{"id":2252,"href":"https:\/\/www.arca-restaurant.com.tr\/en\/wp-json\/wp\/v2\/pages\/861\/revisions\/2252"}],"wp:attachment":[{"href":"https:\/\/www.arca-restaurant.com.tr\/en\/wp-json\/wp\/v2\/media?parent=861"}],"curies":[{"name":"wp","href":"https:\/\/api.w.org\/{rel}","templated":true}]}}