{"id":178,"date":"2019-01-08T15:01:22","date_gmt":"2019-01-08T15:01:22","guid":{"rendered":"http:\/\/localhost\/cleanthemes\/ristorante-10\/?page_id=178"},"modified":"2024-11-04T19:09:37","modified_gmt":"2024-11-04T19:09:37","slug":"footer","status":"publish","type":"page","link":"https:\/\/www.arca-restaurant.com.tr\/en\/footer\/","title":{"rendered":"Footer"},"content":{"rendered":"<div class=\"wpb-content-wrapper\"><div data-vc-full-width=\"true\" data-vc-full-width-init=\"false\" class=\"vc_row wpb_row vc_row-fluid vc_custom_1548407428133 vc_row-has-fill vc_row-o-equal-height vc_row-o-content-middle vc_row-flex\"><div class=\"wpb_column vc_column_container vc_col-sm-4\"><div class=\"vc_column-inner vc_custom_1546960333569\"><div class=\"wpb_wrapper\"><div style=\"background-color:;height: 20px\" class=\"nicdark_section\"><\/div><div class=\"vc_row wpb_row vc_inner vc_row-fluid\"><div class=\"footer_social_column wpb_column vc_column_container vc_col-sm-12\"><div class=\"vc_column-inner\"><div class=\"wpb_wrapper\">\n\t<div class=\"nd_options_section nd_options_text_align_center\">\n\t<a style=\"margin:5px;border: px solid;border-radius:px;background-color:;padding:\" rel=\"\" target=\"_blank\" href=\"https:\/\/www.instagram.com\/arcarestaurantandgrill\" class=\"nicdark_display_inline_block\"><img decoding=\"async\" class=\"nd_options_float_left\" alt=\"\" width=\"20\" src=\"https:\/\/www.arca-restaurant.com.tr\/wp-content\/uploads\/2019\/01\/social-2.png\"><\/a>\n\t<\/div>\n<\/div><\/div><\/div><\/div><div style=\"background-color:;height: 5px\" class=\"nicdark_section\"><\/div> <p style=\"color:#ffffff;padding:px;text-align:center;font-size:12px;line-height:px;letter-spacing: 2px;font-weight:normal\" class=\"nd_options_second_font\">STAY TUNED<\/p> <div style=\"background-color:;height: 20px\" class=\"nicdark_section\"><\/div> <p style=\"color:#ffffff;padding:px;text-align:center;font-size:14px;line-height:px;letter-spacing: 1px;font-weight:normal\" class=\"nd_options_second_font\">Ar\u00e7a Restaurant &amp; Grill presents beloved flavors in their finest form<\/p> <div style=\"background-color:;height: 20px\" class=\"nicdark_section\"><\/div><\/div><\/div><\/div><div class=\"wpb_column vc_column_container vc_col-sm-4\"><div class=\"vc_column-inner vc_custom_1546960342514\"><div class=\"wpb_wrapper\"><div style=\"background-color:;height: 20px\" class=\"nicdark_section\"><\/div>\n    <div style=\"text-align:center\" class=\"nd_options_section\">\n      <img decoding=\"async\" alt=\"\" style=\"width:120px\" class=\"nd_options_margin_0 nd_options_padding_0\" src=\"https:\/\/www.arca-restaurant.com.tr\/wp-content\/uploads\/2023\/10\/logoarca.png\">\n    <\/div>\n   <div style=\"background-color:;height: 15px\" class=\"nicdark_section\"><\/div> <p style=\"color:#ffffff;padding:px;text-align:center;font-size:px;line-height:px;letter-spacing: 1px;font-weight:normal\" class=\"nd_options_second_font\">info@arca-restaurant.com.tr<\/p>  <p style=\"color:#ffffff;padding:px;text-align:center;font-size:px;line-height:px;letter-spacing: 1px;font-weight:normal\" class=\"nd_options_second_font\">+90 (212) 800 12 46<\/p> <div style=\"background-color:;height: 20px\" class=\"nicdark_section\"><\/div><\/div><\/div><\/div><div class=\"wpb_column vc_column_container vc_col-sm-4\"><div class=\"vc_column-inner vc_custom_1546960350557\"><div class=\"wpb_wrapper\"><div style=\"background-color:;height: 20px\" class=\"nicdark_section\"><\/div>\n\t<div class=\"wpb_text_column wpb_content_element\" >\n\t\t<div class=\"wpb_wrapper\">\n\t\t\t<p style=\"text-align: center; letter-spacing: 2px;\"><span style=\"color: #ffffff;\">MAIN PAGE<\/span><\/p>\n<p style=\"text-align: center; letter-spacing: 2px;\"><span style=\"color: #ffffff;\">ABOUT US<\/span><\/p>\n<p style=\"text-align: center; letter-spacing: 2px;\"><span style=\"color: #ffffff;\">RESERVATION<\/span><\/p>\n<p style=\"text-align: center; letter-spacing: 2px;\"><span style=\"color: #ffffff;\">MENU<\/span><\/p>\n<p style=\"text-align: center; letter-spacing: 2px;\"><span style=\"color: #ffffff;\">CONTACT <\/span><\/p>\n\n\t\t<\/div>\n\t<\/div>\n<div style=\"background-color:;height: 20px\" class=\"nicdark_section\"><\/div><\/div><\/div><\/div><\/div><div class=\"vc_row-full-width vc_clearfix\"><\/div><div data-vc-full-width=\"true\" data-vc-full-width-init=\"false\" class=\"vc_row wpb_row vc_row-fluid vc_custom_1548255563532\"><div class=\"wpb_column vc_column_container vc_col-sm-12\"><div class=\"vc_column-inner\"><div class=\"wpb_wrapper\">\n\t<div class=\"wpb_raw_code wpb_content_element wpb_raw_html\" >\n\t\t<div class=\"wpb_wrapper\">\n\t\t\t<center>Copyright 2023 Arca Restaurant  \/ design by <a href=\"https:\/\/erzurumwebtasarim.com\" target=\"_blank\">EWT<\/a><\/center>\n\n\t\t<\/div>\n\t<\/div>\n<\/div><\/div><\/div><\/div><div class=\"vc_row-full-width vc_clearfix\"><\/div>\n<\/div>","protected":false},"excerpt":{"rendered":"TAK\u0130P ED\u0130N Ar\u00e7a Restaurant &amp; Grill sevilen lezzetleri en g\u00fczel halinde sunuyor. info@arca-restaurant.com.tr +90 (212) 800 12 46 ANA SAYFA HAKKIMIZDA REZERVASYON MEN\u00dc \u0130LET\u0130\u015e\u0130M Copyright 2023 Arca Restaurant \/ design by EWT","protected":false},"author":1,"featured_media":0,"parent":0,"menu_order":0,"comment_status":"closed","ping_status":"closed","template":"","meta":{"footnotes":""},"class_list":["post-178","page","type-page","status-publish","hentry"],"_links":{"self":[{"href":"https:\/\/www.arca-restaurant.com.tr\/en\/wp-json\/wp\/v2\/pages\/178","targetHints":{"allow":["GET"]}}],"collection":[{"href":"https:\/\/www.arca-restaurant.com.tr\/en\/wp-json\/wp\/v2\/pages"}],"about":[{"href":"https:\/\/www.arca-restaurant.com.tr\/en\/wp-json\/wp\/v2\/types\/page"}],"author":[{"embeddable":true,"href":"https:\/\/www.arca-restaurant.com.tr\/en\/wp-json\/wp\/v2\/users\/1"}],"replies":[{"embeddable":true,"href":"https:\/\/www.arca-restaurant.com.tr\/en\/wp-json\/wp\/v2\/comments?post=178"}],"version-history":[{"count":9,"href":"https:\/\/www.arca-restaurant.com.tr\/en\/wp-json\/wp\/v2\/pages\/178\/revisions"}],"predecessor-version":[{"id":2279,"href":"https:\/\/www.arca-restaurant.com.tr\/en\/wp-json\/wp\/v2\/pages\/178\/revisions\/2279"}],"wp:attachment":[{"href":"https:\/\/www.arca-restaurant.com.tr\/en\/wp-json\/wp\/v2\/media?parent=178"}],"curies":[{"name":"wp","href":"https:\/\/api.w.org\/{rel}","templated":true}]}}