{"id":1525,"date":"2019-05-02T11:00:40","date_gmt":"2019-05-02T11:00:40","guid":{"rendered":"http:\/\/www.nicdarkthemes.com\/themes\/restaurant\/wp\/demo\/restaurant\/?page_id=1525"},"modified":"2025-08-14T09:44:13","modified_gmt":"2025-08-14T09:44:13","slug":"menuler","status":"publish","type":"page","link":"https:\/\/www.arca-restaurant.com.tr\/en\/menuler\/","title":{"rendered":"Men\u00fcler"},"content":{"rendered":"<div class=\"wpb-content-wrapper\"><div data-vc-full-width=\"true\" data-vc-full-width-init=\"false\" data-vc-parallax=\"1.5\" data-vc-parallax-image=\"https:\/\/www.arca-restaurant.com.tr\/wp-content\/uploads\/2019\/04\/para-opentable.jpg\" class=\"vc_row wpb_row vc_row-fluid nd_options_vc_parallax_filter_2_5 vc_custom_1556865507771 vc_row-has-fill vc_general vc_parallax vc_parallax-content-moving\"><div class=\"wpb_column vc_column_container vc_col-sm-12\"><div class=\"vc_column-inner\"><div class=\"wpb_wrapper\"><div class=\"vc_row wpb_row vc_inner vc_row-fluid\"><div class=\"wpb_column vc_column_container vc_col-sm-2\"><div class=\"vc_column-inner\"><div class=\"wpb_wrapper\"><\/div><\/div><\/div><div class=\"wpb_column vc_column_container vc_col-sm-8\"><div class=\"vc_column-inner\"><div class=\"wpb_wrapper\"> <h1 style=\"color:#ffffff;padding:px;text-align:center;font-size:120px;line-height:120px;letter-spacing: px;font-weight:normal\" class=\"nd_options_font_size_40_important_all_iphone nd_options_third_font\">Our Menu<\/h1> <div style=\"background-color:;height: 10px\" class=\"nicdark_section\"><\/div> <p style=\"color:#ffffff;padding:px;text-align:center;font-size:13px;line-height:25px;letter-spacing: 3px;font-weight:lighter\" class=\"nd_options_second_font\">\u201cMevsimsel olarak \u00f6zel tatlar ekleyece\u011fimiz men\u00fcm\u00fczde, her zaman bu t\u00fcr \u00f6zenli, mutfak k\u00fclt\u00fcr\u00fcm\u00fcz\u00fcn geleneklerini ya\u015fatmay\u0131 ve konuklar\u0131m\u0131za aktarmay\u0131 hedefleyen dokunu\u015flar g\u00f6receksiniz.\u201d<\/p> <div style=\"background-color:;height: 40px\" class=\"nicdark_section\"><\/div><\/div><\/div><\/div><div class=\"wpb_column vc_column_container vc_col-sm-2\"><div class=\"vc_column-inner\"><div class=\"wpb_wrapper\"><\/div><\/div><\/div><\/div><\/div><\/div><\/div><\/div><div class=\"vc_row-full-width vc_clearfix\"><\/div><div class=\"vc_row wpb_row vc_row-fluid vc_custom_1547042811304\"><div class=\"wpb_column vc_column_container vc_col-sm-12\"><div class=\"vc_column-inner\"><div class=\"wpb_wrapper\"> <h2 style=\"color:#eeeeee;padding:px;text-align:center;font-size:70px;line-height:px;letter-spacing: 0px;font-weight:normal\" class=\"nd_options_third_font\">PERFECTLY PREPARED<\/h2>  <h1 style=\"color:;padding:px;text-align:center;font-size:50px;line-height:50px;letter-spacing: 2px;font-weight:lighter\" class=\"nd_options_font_size_40_important_all_iphone nd_options_first_font\">TRADITIONAL MEZZES<\/h1> <div style=\"background-color:;height: 5px\" class=\"nicdark_section\"><\/div><\/div><\/div><\/div><\/div><div class=\"vc_row wpb_row vc_row-fluid vc_custom_1549637195160 vc_row-has-fill vc_row-o-equal-height vc_row-o-content-middle vc_row-flex\"><div class=\"wpb_column vc_column_container vc_col-sm-7\"><div class=\"vc_column-inner vc_custom_1518618534801\"><div class=\"wpb_wrapper\">\n    <div style=\"text-align:left\" class=\"nd_options_section\">\n      <img decoding=\"async\" alt=\"\" style=\"width:100%\" class=\"nd_options_float_left nd_options_margin_0 nd_options_padding_0\" src=\"https:\/\/www.arca-restaurant.com.tr\/wp-content\/uploads\/2023\/11\/MOVENPICK20117-2.jpg\">\n    <\/div>\n   <\/div><\/div><\/div><div class=\"wpb_column vc_column_container vc_col-sm-5\"><div class=\"vc_column-inner vc_custom_1556865648076\"><div class=\"wpb_wrapper\"><div style=\"background-color:;height: 10px\" class=\"nicdark_section\"><\/div> <h1 style=\"color:;padding:px;text-align:center;font-size:30px;line-height:px;letter-spacing: 1px;font-weight:normal\" class=\"nd_options_first_font\">AR\u00c7A RESTAURANT &amp; GRILL<\/h1> <div style=\"background-color:;height: 30px\" class=\"nicdark_section\"><\/div>\n    <div style=\"text-align:center\" class=\"nd_options_section\">\n      <img decoding=\"async\" alt=\"\" style=\"width:25px\" class=\"nd_options_margin_0 nd_options_padding_0\" src=\"https:\/\/www.arca-restaurant.com.tr\/wp-content\/uploads\/2019\/01\/divider-grey.png\">\n    <\/div>\n   <div style=\"background-color:;height: 20px\" class=\"nicdark_section\"><\/div>\n\t<div class=\"wpb_text_column wpb_content_element\" >\n\t\t<div class=\"wpb_wrapper\">\n\t\t\t<p>A classic mezze table enjoyed with friends against the unique backdrop of the Golden Horn, followed by delicious grilled meats and kebabs, and enriched with traditional desserts for a perfectly prepared evening dinner.<\/p>\n\n\t\t<\/div>\n\t<\/div>\n<div style=\"background-color:;height: 20px\" class=\"nicdark_section\"><\/div><div style=\"background-color:;height: 20px\" class=\"nicdark_section\"><\/div>\n\t<div class=\"nd_options_section nd_options_text_align_center\">\n\t<a style=\"border: 1px solid #ffffff;border-radius:3px;letter-spacing:px;line-height:16px;font-size:16px;background-color:#c0a58b;padding:15px 35px;margin:;color:#ffffff\" rel=\"\" href=\"https:\/\/www.arca-restaurant.com.tr\/en\/book-a-table\/\" class=\"nicdark_display_inline_block  nd_options_font_weight_normal nd_options_first_font home_calltoaction_service_button\">BOOK A TABLE<\/a>\n\t<\/div>\n<\/div><\/div><\/div><\/div><div class=\"vc_row wpb_row vc_row-fluid\"><div class=\"wpb_column vc_column_container vc_col-sm-12\"><div class=\"vc_column-inner\"><div class=\"wpb_wrapper\">\n<div class=\"vc-zigzag-wrapper vc-zigzag-align-center\"><div class=\"vc-zigzag-inner\" style=\"width: 100%;min-height: 14px;background: 0 repeat-x url(&#039;data:image\/svg+xml;utf-8,%3C%3Fxml%20version%3D%221.0%22%20encoding%3D%22utf-8%22%3F%3E%3C%21DOCTYPE%20svg%20PUBLIC%20%22-%2F%2FW3C%2F%2FDTD%20SVG%201.1%2F%2FEN%22%20%22http%3A%2F%2Fwww.w3.org%2FGraphics%2FSVG%2F1.1%2FDTD%2Fsvg11.dtd%22%3E%3Csvg%20width%3D%2214px%22%20height%3D%2212px%22%20viewBox%3D%220%200%2018%2015%22%20version%3D%221.1%22%20xmlns%3D%22http%3A%2F%2Fwww.w3.org%2F2000%2Fsvg%22%20xmlns%3Axlink%3D%22http%3A%2F%2Fwww.w3.org%2F1999%2Fxlink%22%3E%3Cpolygon%20id%3D%22Combined-Shape%22%20fill%3D%22%23ebebeb%22%20points%3D%228.98762301%200%200%209.12771969%200%2014.519983%209%205.40479869%2018%2014.519983%2018%209.12771969%22%3E%3C%2Fpolygon%3E%3C%2Fsvg%3E&#039;);\"><\/div><\/div><\/div><\/div><\/div><\/div><div class=\"vc_row wpb_row vc_row-fluid\"><div class=\"wpb_column vc_column_container vc_col-sm-12\"><div class=\"vc_column-inner\"><div class=\"wpb_wrapper\"><section class=\"vc_cta3-container\"><div class=\"vc_general vc_cta3 vc_cta3-style-classic vc_cta3-shape-rounded vc_cta3-align-left vc_cta3-color-classic vc_cta3-icon-size-md vc_cta3-actions-bottom\"><div class=\"vc_cta3_content-container\"><div class=\"vc_cta3-content\"><header class=\"vc_cta3-content-header\"><h2>Men\u00fc detaylar\u0131m\u0131za ula\u015fmak i\u00e7in t\u0131klay\u0131n.<\/h2><\/header><p>*fiyatlar\u0131m\u0131za %10 servis bedeli eklenmektedir.<\/p>\n<\/div><div class=\"vc_cta3-actions\"><div class=\"vc_btn3-container vc_btn3-inline\" ><a class=\"vc_general vc_btn3 vc_btn3-size-md vc_btn3-shape-rounded vc_btn3-style-modern vc_btn3-color-grey\" href=\"https:\/\/qr.finedinemenu.com\/arca-restaurant\/menu\/\" title=\"\" target=\"_blank\">Ar\u00e7a Restaurant &amp; Grill Men\u00fc<\/a><\/div><\/div><\/div><\/div><\/section><\/div><\/div><\/div><\/div>\n<\/div>","protected":false},"excerpt":{"rendered":"Men\u00fcm\u00fcz \u201cMevsimsel olarak \u00f6zel tatlar ekleyece\u011fimiz men\u00fcm\u00fczde, her zaman bu t\u00fcr \u00f6zenli, mutfak k\u00fclt\u00fcr\u00fcm\u00fcz\u00fcn geleneklerini ya\u015fatmay\u0131 ve konuklar\u0131m\u0131za aktarmay\u0131 hedefleyen dokunu\u015flar g\u00f6receksiniz.\u201d Tam K\u0131vam\u0131nda GELENEKSEL LEZZETLER AR\u00c7A RESTAURANT &amp; GRILL Benzersiz Hali\u00e7 manzaras\u0131 e\u015fli\u011finde dostlarla bulu\u015fulan klasik bir meze sofras\u0131, ard\u0131ndan lezzetli \u0131zgara et ve kebaplar ve geleneksel tatl\u0131lar ile tamamlanan \u201ctam k\u0131vam\u0131nda\u201d bir ak\u015fam [...]","protected":false},"author":1,"featured_media":0,"parent":0,"menu_order":0,"comment_status":"closed","ping_status":"closed","template":"","meta":{"footnotes":""},"class_list":["post-1525","page","type-page","status-publish","hentry"],"_links":{"self":[{"href":"https:\/\/www.arca-restaurant.com.tr\/en\/wp-json\/wp\/v2\/pages\/1525","targetHints":{"allow":["GET"]}}],"collection":[{"href":"https:\/\/www.arca-restaurant.com.tr\/en\/wp-json\/wp\/v2\/pages"}],"about":[{"href":"https:\/\/www.arca-restaurant.com.tr\/en\/wp-json\/wp\/v2\/types\/page"}],"author":[{"embeddable":true,"href":"https:\/\/www.arca-restaurant.com.tr\/en\/wp-json\/wp\/v2\/users\/1"}],"replies":[{"embeddable":true,"href":"https:\/\/www.arca-restaurant.com.tr\/en\/wp-json\/wp\/v2\/comments?post=1525"}],"version-history":[{"count":78,"href":"https:\/\/www.arca-restaurant.com.tr\/en\/wp-json\/wp\/v2\/pages\/1525\/revisions"}],"predecessor-version":[{"id":2301,"href":"https:\/\/www.arca-restaurant.com.tr\/en\/wp-json\/wp\/v2\/pages\/1525\/revisions\/2301"}],"wp:attachment":[{"href":"https:\/\/www.arca-restaurant.com.tr\/en\/wp-json\/wp\/v2\/media?parent=1525"}],"curies":[{"name":"wp","href":"https:\/\/api.w.org\/{rel}","templated":true}]}}