{"id":1092,"date":"2019-01-29T15:40:00","date_gmt":"2019-01-29T15:40:00","guid":{"rendered":"http:\/\/www.nicdarkthemes.com\/themes\/restaurant\/wp\/demo\/restaurant\/?page_id=1092"},"modified":"2023-11-26T09:47:01","modified_gmt":"2023-11-26T09:47:01","slug":"hakkimizda","status":"publish","type":"page","link":"https:\/\/www.arca-restaurant.com.tr\/en\/hakkimizda\/","title":{"rendered":"Hakk\u0131m\u0131zda"},"content":{"rendered":"<div class=\"wpb-content-wrapper\"><div class=\"vc_row wpb_row vc_row-fluid vc_custom_1485860712352\"><div class=\"wpb_column vc_column_container vc_col-sm-12\"><div class=\"vc_column-inner\"><div class=\"wpb_wrapper\"><div style=\"background-color:;height: 30px\" class=\"nicdark_section\"><\/div>\n\t<div class=\"wpb_text_column wpb_content_element\" >\n\t\t<div class=\"wpb_wrapper\">\n\t\t\t<p><img fetchpriority=\"high\" decoding=\"async\" class=\"wp-image-29 aligncenter\" src=\"https:\/\/www.arca-restaurant.com.tr\/wp-content\/uploads\/2023\/10\/logoarca.png\" alt=\"\" width=\"368\" height=\"415\" \/><\/p>\n<p>Benzersiz bir Hali\u00e7 manzaras\u0131, dostlarla bulu\u015fulan klasik bir meze sofras\u0131, lezzetli \u0131zgara et ve kebaplar, geleneksel tatl\u0131lar ile tamamlanan \u201ctam k\u0131vam\u0131nda\u201d bir ak\u015fam yeme\u011fi\u2026 \u015eef Cenap \u00d6ztekin Varol y\u00f6netimindeki Ar\u00e7a Restaurant &amp; Grill\u2019de sevilen lezzetleri en g\u00fczel halinde haz\u0131rlarken, modern ve zarif ambiyans\u0131nda servisten m\u00fczi\u011fe her \u015feyi \u00f6zlenen standartlarda sunuyoruz.<\/p>\n\n\t\t<\/div>\n\t<\/div>\n<div style=\"background-color:;height: 30px\" class=\"nicdark_section\"><\/div>\n\t<div class=\"wpb_text_column wpb_content_element\" >\n\t\t<div class=\"wpb_wrapper\">\n\t\t\t<p>Ad\u0131n\u0131 olumsuzluklar\u0131 uzakla\u015ft\u0131r\u0131p g\u00fczellikler getirdi\u011fine inan\u0131lan ard\u0131\u00e7 a\u011fac\u0131ndan alan Ar\u00e7a\u2019da, ho\u015f sohbetli dost meclislerine ve keyifli aile sohbetlerine vesile oluyoruz. Modern ve ayd\u0131nl\u0131k dekorasyonumuzla ferah sofralar\u0131n ve bulu\u015fmalar\u0131n yeni adresi olarak konumlan\u0131yor ve mutfak k\u00fclt\u00fcr\u00fcm\u00fcz\u00fcn geleneklerini ya\u015fat\u0131rken konuklar\u0131m\u0131za \u015f\u0131k deneyimler sundu\u011fumuz Ar\u00e7a\u2019ya bekliyoruz.<\/p>\n<p>Ziyaret Edin<\/p>\n<p>Dost sofralar\u0131nda bulu\u015fmak ve benzersiz Hali\u00e7 manzaras\u0131 e\u015fli\u011finde keyifli anlar ya\u015famak i\u00e7in \u015fimdi rezervasyon yapabilirsiniz: <strong>0212 800 12 46 -47<\/strong><\/p>\n<p>&nbsp;<\/p>\n\n\t\t<\/div>\n\t<\/div>\n<div style=\"background-color:;height: 10px\" class=\"nicdark_section\"><\/div><\/div><\/div><\/div><\/div><div class=\"vc_row wpb_row vc_row-fluid vc_custom_1700991661283 vc_row-has-fill\"><div class=\"wpb_column vc_column_container vc_col-sm-8\"><div class=\"vc_column-inner\"><div class=\"wpb_wrapper\"><\/div><\/div><\/div><div class=\"wpb_column vc_column_container vc_col-sm-4\"><div class=\"vc_column-inner vc_custom_1548859849575\"><div class=\"wpb_wrapper\">\n  <div class=\"nd_rst_section nd_rst_shortcode_opentable nd_rst_shortcode_opentable_standard\">\n    <script type=\"text\/javascript\" src=\"\/\/www.opentable.com\/widget\/reservation\/loader?rid=&type=standard&theme=standard&iframe=true&overlay=false&domain=com&lang=\"><\/script>\n  <\/div>\n  <\/div><\/div><\/div><\/div><div data-vc-full-width=\"true\" data-vc-full-width-init=\"false\" data-vc-parallax=\"1.5\" data-vc-parallax-image=\"https:\/\/www.arca-restaurant.com.tr\/wp-content\/uploads\/2023\/10\/MOVENPICK-GOLDEN-HORN-02-03-10-230149-scaled.jpg\" class=\"vc_row wpb_row vc_row-fluid nd_options_vc_parallax_filter_2_4 vc_custom_1700992017549 vc_row-has-fill vc_general vc_parallax vc_parallax-content-moving\"><div class=\"wpb_column vc_column_container vc_col-sm-8\"><div class=\"vc_column-inner vc_custom_1485861692786\"><div class=\"wpb_wrapper\">\n\t\t\t<!-- START Le Chef Footer45 REVOLUTION SLIDER 6.6.16 --><p class=\"rs-p-wp-fix\"><\/p>\n\t\t\t<rs-module-wrap id=\"lechefcontact_wrapper\" data-source=\"gallery\" style=\"visibility:hidden;background:#000000;padding:0;margin:0px auto;margin-top:0;margin-bottom:0;\">\n\t\t\t\t<rs-module id=\"lechefcontact\" style=\"\" data-version=\"6.6.16\">\n\t\t\t\t\t<rs-slides style=\"overflow: hidden; position: absolute;\">\n\t\t\t\t\t\t<rs-slide style=\"position: absolute;\" data-key=\"rs-7\" data-title=\"Slide\" data-in=\"o:0;\" data-out=\"a:false;\">\n\t\t\t\t\t\t\t<img decoding=\"async\" src=\"\/\/www.arca-restaurant.com.tr\/wp-content\/plugins\/revslider\/public\/assets\/assets\/dummy.png\" alt=\"\" title=\"MOVENPICK20027\" width=\"1920\" height=\"2560\" class=\"rev-slidebg tp-rs-img rs-lazyload\" data-lazyload=\"\/\/www.arca-restaurant.com.tr\/wp-content\/uploads\/2023\/11\/MOVENPICK20027-scaled.jpg\" data-parallax=\"off\" data-no-retina>\n<!--\t\t\t\t\t\t--><rs-zone id=\"rrzt_7\" class=\"rev_row_zone_top\" style=\"z-index: 6;\"><!--\n\n\t\t\t\t\t\t\t\t--><rs-row\n\t\t\t\t\t\t\t\t\tid=\"slider-5-slide-7-layer-1\" \n\t\t\t\t\t\t\t\t\tdata-type=\"row\"\n\t\t\t\t\t\t\t\t\tdata-xy=\"xo:100px;yo:100px;\"\n\t\t\t\t\t\t\t\t\tdata-text=\"l:22;a:inherit;\"\n\t\t\t\t\t\t\t\t\tdata-basealign=\"slide\"\n\t\t\t\t\t\t\t\t\tdata-rsp_o=\"off\"\n\t\t\t\t\t\t\t\t\tdata-rsp_bd=\"off\"\n\t\t\t\t\t\t\t\t\tdata-margin=\"t:200,200,150,100;b:200,200,150,100;\"\n\t\t\t\t\t\t\t\t\tdata-padding=\"r:0,0,50,50;l:0,0,50,50;\"\n\t\t\t\t\t\t\t\t\tdata-frame_1=\"sR:10;\"\n\t\t\t\t\t\t\t\t\tdata-frame_999=\"o:0;st:w;sR:8690;sA:9000;\"\n\t\t\t\t\t\t\t\t\tstyle=\"z-index:6;\"\n\t\t\t\t\t\t\t\t><!--\n\t\t\t\t\t\t\t\t\t--><rs-column\n\t\t\t\t\t\t\t\t\t\tid=\"slider-5-slide-7-layer-2\" \n\t\t\t\t\t\t\t\t\t\tdata-type=\"column\"\n\t\t\t\t\t\t\t\t\t\tdata-text=\"l:22;a:center;\"\n\t\t\t\t\t\t\t\t\t\tdata-rsp_bd=\"off\"\n\t\t\t\t\t\t\t\t\t\tdata-column=\"w:16.67%;\"\n\t\t\t\t\t\t\t\t\t\tdata-frame_999=\"o:0;st:w;sR:8690;sA:9000;\"\n\t\t\t\t\t\t\t\t\t\tstyle=\"z-index:7;width:100%;\"\n\t\t\t\t\t\t\t\t\t><!--\t\t\t\t\t\t\t\t\t--><\/rs-column><!--\n\n\t\t\t\t\t\t\t\t\t--><rs-column\n\t\t\t\t\t\t\t\t\t\tid=\"slider-5-slide-7-layer-3\" \n\t\t\t\t\t\t\t\t\t\tdata-type=\"column\"\n\t\t\t\t\t\t\t\t\t\tdata-xy=\"xo:347px,100px,100px,100px;yo:0,100px,100px,100px;\"\n\t\t\t\t\t\t\t\t\t\tdata-text=\"l:22;a:center;\"\n\t\t\t\t\t\t\t\t\t\tdata-rsp_bd=\"off\"\n\t\t\t\t\t\t\t\t\t\tdata-column=\"w:66.67%;\"\n\t\t\t\t\t\t\t\t\t\tdata-frame_999=\"o:0;st:w;sR:8690;sA:9000;\"\n\t\t\t\t\t\t\t\t\t\tstyle=\"z-index:8;width:100%;\"\n\t\t\t\t\t\t\t\t\t><!--\n\t\t\t\t\t\t\t\t\t\t--><rs-layer\n\t\t\t\t\t\t\t\t\t\t\tid=\"slider-5-slide-7-layer-5\" \n\t\t\t\t\t\t\t\t\t\t\tdata-type=\"text\"\n\t\t\t\t\t\t\t\t\t\t\tdata-rsp_ch=\"on\"\n\t\t\t\t\t\t\t\t\t\t\tdata-xy=\"\"\n\t\t\t\t\t\t\t\t\t\t\tdata-pos=\"r\"\n\t\t\t\t\t\t\t\t\t\t\tdata-text=\"w:normal;s:40;l:50;ls:-1px;a:inherit;\"\n\t\t\t\t\t\t\t\t\t\t\tdata-dim=\"w:100%;\"\n\t\t\t\t\t\t\t\t\t\t\tdata-margin=\"b:50;\"\n\t\t\t\t\t\t\t\t\t\t\tdata-frame_0=\"y:50px;blu:10px;\"\n\t\t\t\t\t\t\t\t\t\t\tdata-frame_1=\"e:power4.out;st:500;sp:1000;sR:490;\"\n\t\t\t\t\t\t\t\t\t\t\tdata-frame_999=\"o:0;st:w;sR:7500;\"\n\t\t\t\t\t\t\t\t\t\t\tstyle=\"z-index:9;font-family:'PT Serif';\"\n\t\t\t\t\t\t\t\t\t\t>Let's Gather at Ar\u00e7a's Friend Tables! <br\/>\n \n\t\t\t\t\t\t\t\t\t\t<\/rs-layer><!--\n\n\t\t\t\t\t\t\t\t\t\t--><rs-layer\n\t\t\t\t\t\t\t\t\t\t\tid=\"slider-5-slide-7-layer-6\" \n\t\t\t\t\t\t\t\t\t\t\tdata-type=\"text\"\n\t\t\t\t\t\t\t\t\t\t\tdata-rsp_ch=\"on\"\n\t\t\t\t\t\t\t\t\t\t\tdata-xy=\"\"\n\t\t\t\t\t\t\t\t\t\t\tdata-pos=\"r\"\n\t\t\t\t\t\t\t\t\t\t\tdata-text=\"w:normal;s:17;l:30;fw:300;a:inherit;\"\n\t\t\t\t\t\t\t\t\t\t\tdata-dim=\"w:100%;\"\n\t\t\t\t\t\t\t\t\t\t\tdata-margin=\"b:5;\"\n\t\t\t\t\t\t\t\t\t\t\tdata-frame_0=\"y:50px;blu:10px;\"\n\t\t\t\t\t\t\t\t\t\t\tdata-frame_1=\"e:power4.out;st:600;sp:1000;sR:590;\"\n\t\t\t\t\t\t\t\t\t\t\tdata-frame_999=\"o:0;st:w;sR:7400;\"\n\t\t\t\t\t\t\t\t\t\t\tstyle=\"z-index:10;font-family:'Poppins';\"\n\t\t\t\t\t\t\t\t\t\t>Call us for Table Reservations  \n\t\t\t\t\t\t\t\t\t\t<\/rs-layer><!--\n\n\t\t\t\t\t\t\t\t\t\t--><rs-layer\n\t\t\t\t\t\t\t\t\t\t\tid=\"slider-5-slide-7-layer-17\" \n\t\t\t\t\t\t\t\t\t\t\tclass=\".tp-phonenum\"\n\t\t\t\t\t\t\t\t\t\t\tdata-type=\"text\"\n\t\t\t\t\t\t\t\t\t\t\tdata-rsp_ch=\"on\"\n\t\t\t\t\t\t\t\t\t\t\tdata-xy=\"\"\n\t\t\t\t\t\t\t\t\t\t\tdata-pos=\"r\"\n\t\t\t\t\t\t\t\t\t\t\tdata-text=\"w:normal;s:30;l:50;fw:500;a:inherit;\"\n\t\t\t\t\t\t\t\t\t\t\tdata-disp=\"inline-block\"\n\t\t\t\t\t\t\t\t\t\t\tdata-margin=\"b:50,50,50,40;\"\n\t\t\t\t\t\t\t\t\t\t\tdata-padding=\"t:5,5,5,0;r:20;l:20;\"\n\t\t\t\t\t\t\t\t\t\t\tdata-border=\"bos:solid;boc:#ffffff;bow:1px,1px,1px,1px;\"\n\t\t\t\t\t\t\t\t\t\t\tdata-frame_0=\"y:50px;blu:10px;\"\n\t\t\t\t\t\t\t\t\t\t\tdata-frame_1=\"e:power4.out;st:700;sp:1000;sR:690;\"\n\t\t\t\t\t\t\t\t\t\t\tdata-frame_999=\"o:0;st:w;sR:7300;\"\n\t\t\t\t\t\t\t\t\t\t\tstyle=\"z-index:11;font-family:'Poppins';display:inline-block;\"\n\t\t\t\t\t\t\t\t\t\t><a href=\"#\" class=\"tp-phonenum\"><i class=\"fa-phone\"><\/i> +90 (212) 800 12 46 <\/a> \n\t\t\t\t\t\t\t\t\t\t<\/rs-layer><!--\n\n\t\t\t\t\t\t\t\t\t\t--><rs-layer\n\t\t\t\t\t\t\t\t\t\t\tid=\"slider-5-slide-7-layer-19\" \n\t\t\t\t\t\t\t\t\t\t\tdata-type=\"text\"\n\t\t\t\t\t\t\t\t\t\t\tdata-rsp_ch=\"on\"\n\t\t\t\t\t\t\t\t\t\t\tdata-xy=\"\"\n\t\t\t\t\t\t\t\t\t\t\tdata-pos=\"r\"\n\t\t\t\t\t\t\t\t\t\t\tdata-text=\"w:normal;s:17;l:30;fw:300;a:inherit;\"\n\t\t\t\t\t\t\t\t\t\t\tdata-dim=\"w:100%;\"\n\t\t\t\t\t\t\t\t\t\t\tdata-disp=\"inline-block\"\n\t\t\t\t\t\t\t\t\t\t\tdata-margin=\"b:50,50,50,40;\"\n\t\t\t\t\t\t\t\t\t\t\tdata-frame_0=\"y:50px;blu:10px;\"\n\t\t\t\t\t\t\t\t\t\t\tdata-frame_1=\"e:power4.out;st:800;sp:1000;sR:790;\"\n\t\t\t\t\t\t\t\t\t\t\tdata-frame_999=\"o:0;st:w;sR:7200;\"\n\t\t\t\t\t\t\t\t\t\t\tstyle=\"z-index:12;font-family:'Poppins';display:inline-block;\"\n\t\t\t\t\t\t\t\t\t\t>ADDRESS\n<br\/><i class=\"fa-location-arrow\" style=\"margin-right:5px;\"><\/i> Ey\u00fcp Merkez, Silahtara\u011fa Cad. No: 87 34050 Ey\u00fcpsultan \/ \u0130stanbul <br\/>\n<i class=\"fa-envelope-o\" style=\"margin-right:5px;\"><\/i>  info@arca-restaurant.com.tr \n\t\t\t\t\t\t\t\t\t\t<\/rs-layer><!--\n\n\t\t\t\t\t\t\t\t\t\t--><a\n\t\t\t\t\t\t\t\t\t\t\tid=\"slider-5-slide-7-layer-23\" \n\t\t\t\t\t\t\t\t\t\t\tclass=\"rs-layer tp-speciallink\"\n\t\t\t\t\t\t\t\t\t\t\thref=\"#\" target=\"_blank\" rel=\"noopener\"\n\t\t\t\t\t\t\t\t\t\t\tdata-type=\"text\"\n\t\t\t\t\t\t\t\t\t\t\tdata-rsp_ch=\"on\"\n\t\t\t\t\t\t\t\t\t\t\tdata-xy=\"xo:15px,15px,15px,0;yo:15px,15px,15px,0;\"\n\t\t\t\t\t\t\t\t\t\t\tdata-pos=\"r\"\n\t\t\t\t\t\t\t\t\t\t\tdata-text=\"w:normal;s:17;l:30;fw:300;a:inherit;\"\n\t\t\t\t\t\t\t\t\t\t\tdata-dim=\"w:auto,auto,auto,100%;\"\n\t\t\t\t\t\t\t\t\t\t\tdata-disp=\"inline-block\"\n\t\t\t\t\t\t\t\t\t\t\tdata-margin=\"r:15,15,15,0;b:5;l:15,15,15,0;\"\n\t\t\t\t\t\t\t\t\t\t\tdata-frame_0=\"y:50px;blu:10px;\"\n\t\t\t\t\t\t\t\t\t\t\tdata-frame_1=\"e:power4.out;st:1100;sp:1000;sR:1090;\"\n\t\t\t\t\t\t\t\t\t\t\tdata-frame_999=\"o:0;st:w;sR:6900;\"\n\t\t\t\t\t\t\t\t\t\t\tdata-frame_hover=\"c:#fff;oX:50;oY:50;td:line-through;sp:0;e:none;\"\n\t\t\t\t\t\t\t\t\t\t\tstyle=\"z-index:15;font-family:'Poppins';display:inline-block;\"\n\t\t\t\t\t\t\t\t\t\t><i class=\"fa-camera-retro\" style=\"margin-right:5px;\"><\/i> Instagram \n\t\t\t\t\t\t\t\t\t\t<\/a><!--\n\t\t\t\t\t\t\t\t\t--><\/rs-column><!--\n\n\t\t\t\t\t\t\t\t\t--><rs-column\n\t\t\t\t\t\t\t\t\t\tid=\"slider-5-slide-7-layer-11\" \n\t\t\t\t\t\t\t\t\t\tdata-type=\"column\"\n\t\t\t\t\t\t\t\t\t\tdata-xy=\"xo:867px;\"\n\t\t\t\t\t\t\t\t\t\tdata-text=\"l:22;a:inherit;\"\n\t\t\t\t\t\t\t\t\t\tdata-rsp_bd=\"off\"\n\t\t\t\t\t\t\t\t\t\tdata-column=\"w:16.67%;\"\n\t\t\t\t\t\t\t\t\t\tdata-frame_999=\"o:0;st:w;sR:8700;sA:9000;\"\n\t\t\t\t\t\t\t\t\t\tstyle=\"z-index:16;width:100%;\"\n\t\t\t\t\t\t\t\t\t><!--\t\t\t\t\t\t\t\t\t--><\/rs-column><!--\n\t\t\t\t\t\t\t\t--><\/rs-row><!--\n\t\t\t\t\t\t\t--><\/rs-zone><!--\n\n\t\t\t\t\t\t\t--><rs-layer\n\t\t\t\t\t\t\t\tid=\"slider-5-slide-7-layer-15\" \n\t\t\t\t\t\t\t\tclass=\"tp-shape tp-shapewrapper\"\n\t\t\t\t\t\t\t\tdata-type=\"shape\"\n\t\t\t\t\t\t\t\tdata-xy=\"x:c;y:m;\"\n\t\t\t\t\t\t\t\tdata-text=\"fw:500;a:inherit;\"\n\t\t\t\t\t\t\t\tdata-dim=\"w:100%;h:100%;\"\n\t\t\t\t\t\t\t\tdata-basealign=\"slide\"\n\t\t\t\t\t\t\t\tdata-rsp_o=\"off\"\n\t\t\t\t\t\t\t\tdata-rsp_bd=\"off\"\n\t\t\t\t\t\t\t\tdata-frame_0=\"o:1;\"\n\t\t\t\t\t\t\t\tdata-frame_1=\"sR:10;\"\n\t\t\t\t\t\t\t\tdata-frame_999=\"o:0;st:w;sR:8690;\"\n\t\t\t\t\t\t\t\tstyle=\"z-index:5;background-color:rgba(0,0,0,0.35);\"\n\t\t\t\t\t\t\t> \n\t\t\t\t\t\t\t<\/rs-layer><!--\n-->\t\t\t\t\t\t<\/rs-slide>\n\t\t\t\t\t<\/rs-slides>\n\t\t\t\t<\/rs-module>\n\t\t\t\t<script>\n\t\t\t\t\tsetREVStartSize({c: 'lechefcontact',rl:[1240,1024,778,480],el:[868,768,960,763],gw:[1240,1024,778,480],gh:[868,768,960,720],type:'hero',justify:'',layout:'fullwidth',mh:\"0\"});if (window.RS_MODULES!==undefined && window.RS_MODULES.modules!==undefined && window.RS_MODULES.modules[\"lechefcontact\"]!==undefined) {window.RS_MODULES.modules[\"lechefcontact\"].once = false;window.revapi5 = undefined;if (window.RS_MODULES.checkMinimal!==undefined) window.RS_MODULES.checkMinimal()}\n\t\t\t\t<\/script>\n\t\t\t<\/rs-module-wrap>\n\t\t\t<!-- END REVOLUTION SLIDER -->\n<\/div><\/div><\/div><div class=\"wpb_column vc_column_container vc_col-sm-4\"><div class=\"vc_column-inner vc_custom_1485861709087\"><div class=\"wpb_wrapper\"><div class=\"vc_row wpb_row vc_inner vc_row-fluid vc_custom_1700991476733 vc_row-has-fill\"><div class=\"nd_options_text_align_center wpb_column vc_column_container vc_col-sm-12\"><div class=\"vc_column-inner\"><div class=\"wpb_wrapper\"><div style=\"background-color:;height: 174px\" class=\"nicdark_section\"><\/div>\n\n    <div class=\"nd_options_section\">\n        \n    \n        <a class=\"nd_options_outline_0 nd_options_mpopup_iframe\" href=\"https:\/\/www.youtube.com\/watch?v=v5bClGpH0iI\">\n            <img decoding=\"async\" width=\"60px\" alt=\"\" class=\"nd_options_transition_all_08_ease nd_options_opacity_05_hover\" src=\"https:\/\/www.arca-restaurant.com.tr\/wp-content\/uploads\/2019\/01\/ico-06.png\">\n        <\/a>\n\n        \n    <\/div>   \n\n<div style=\"background-color:;height: 174px\" class=\"nicdark_section\"><\/div><\/div><\/div><\/div><\/div><\/div><\/div><\/div><\/div><div class=\"vc_row-full-width vc_clearfix\"><\/div><div class=\"vc_row wpb_row vc_row-fluid\"><div class=\"wpb_column vc_column_container vc_col-sm-12\"><div class=\"vc_column-inner\"><div class=\"wpb_wrapper\"><div class=\"vc_separator wpb_content_element vc_separator_align_center vc_sep_width_100 vc_sep_pos_align_center vc_separator_no_text vc_sep_color_white\" ><span class=\"vc_sep_holder vc_sep_holder_l\"><span class=\"vc_sep_line\"><\/span><\/span><span class=\"vc_sep_holder vc_sep_holder_r\"><span class=\"vc_sep_line\"><\/span><\/span>\n<\/div><\/div><\/div><\/div><\/div>\n<\/div>","protected":false},"excerpt":{"rendered":"Benzersiz bir Hali\u00e7 manzaras\u0131, dostlarla bulu\u015fulan klasik bir meze sofras\u0131, lezzetli \u0131zgara et ve kebaplar, geleneksel tatl\u0131lar ile tamamlanan \u201ctam k\u0131vam\u0131nda\u201d bir ak\u015fam yeme\u011fi\u2026 \u015eef Cenap \u00d6ztekin Varol y\u00f6netimindeki Ar\u00e7a Restaurant &amp; Grill\u2019de sevilen lezzetleri en g\u00fczel halinde haz\u0131rlarken, modern ve zarif ambiyans\u0131nda servisten m\u00fczi\u011fe her \u015feyi \u00f6zlenen standartlarda sunuyoruz. Ad\u0131n\u0131 olumsuzluklar\u0131 uzakla\u015ft\u0131r\u0131p g\u00fczellikler getirdi\u011fine [...]","protected":false},"author":1,"featured_media":0,"parent":0,"menu_order":0,"comment_status":"closed","ping_status":"closed","template":"","meta":{"footnotes":""},"class_list":["post-1092","page","type-page","status-publish","hentry"],"_links":{"self":[{"href":"https:\/\/www.arca-restaurant.com.tr\/en\/wp-json\/wp\/v2\/pages\/1092","targetHints":{"allow":["GET"]}}],"collection":[{"href":"https:\/\/www.arca-restaurant.com.tr\/en\/wp-json\/wp\/v2\/pages"}],"about":[{"href":"https:\/\/www.arca-restaurant.com.tr\/en\/wp-json\/wp\/v2\/types\/page"}],"author":[{"embeddable":true,"href":"https:\/\/www.arca-restaurant.com.tr\/en\/wp-json\/wp\/v2\/users\/1"}],"replies":[{"embeddable":true,"href":"https:\/\/www.arca-restaurant.com.tr\/en\/wp-json\/wp\/v2\/comments?post=1092"}],"version-history":[{"count":33,"href":"https:\/\/www.arca-restaurant.com.tr\/en\/wp-json\/wp\/v2\/pages\/1092\/revisions"}],"predecessor-version":[{"id":2138,"href":"https:\/\/www.arca-restaurant.com.tr\/en\/wp-json\/wp\/v2\/pages\/1092\/revisions\/2138"}],"wp:attachment":[{"href":"https:\/\/www.arca-restaurant.com.tr\/en\/wp-json\/wp\/v2\/media?parent=1092"}],"curies":[{"name":"wp","href":"https:\/\/api.w.org\/{rel}","templated":true}]}}